{"id":363,"date":"2023-11-20T15:18:07","date_gmt":"2023-11-20T14:18:07","guid":{"rendered":"https:\/\/phokaiabusiness.com\/hakkimizda\/"},"modified":"2024-01-23T18:59:21","modified_gmt":"2024-01-23T17:59:21","slug":"hakkimizda","status":"publish","type":"page","link":"https:\/\/phokaiabusiness.com\/tr\/hakkimizda\/","title":{"rendered":"Hakk\u0131m\u0131zda"},"content":{"rendered":"\t\t<div data-elementor-type=\"wp-page\" data-elementor-id=\"363\" class=\"elementor elementor-363 elementor-13\" data-elementor-post-type=\"page\">\n\t\t\t\t\t\t\t\t\t<section class=\"elementor-section elementor-top-section elementor-element elementor-element-aa2c3fd elementor-section-boxed elementor-section-height-default elementor-section-height-default\" data-id=\"aa2c3fd\" data-element_type=\"section\" data-settings=\"{&quot;background_background&quot;:&quot;classic&quot;}\">\n\t\t\t\t\t\t\t<div class=\"elementor-background-overlay\"><\/div>\n\t\t\t\t\t\t\t<div class=\"elementor-container elementor-column-gap-default\">\n\t\t\t\t\t<div class=\"elementor-column elementor-col-100 elementor-top-column elementor-element elementor-element-9be15b4 lakit-col-width-auto-no\" data-id=\"9be15b4\" data-element_type=\"column\">\n\t\t\t<div class=\"elementor-widget-wrap elementor-element-populated\">\n\t\t\t\t\t\t\t\t<div class=\"elementor-element elementor-element-e49159a elementor-widget elementor-widget-heading\" data-id=\"e49159a\" data-element_type=\"widget\" data-widget_type=\"heading.default\">\n\t\t\t\t<div class=\"elementor-widget-container\">\n\t\t\t<style>\/*! elementor - v3.17.0 - 08-11-2023 *\/\n.elementor-heading-title{padding:0;margin:0;line-height:1}.elementor-widget-heading .elementor-heading-title[class*=elementor-size-]>a{color:inherit;font-size:inherit;line-height:inherit}.elementor-widget-heading .elementor-heading-title.elementor-size-small{font-size:15px}.elementor-widget-heading .elementor-heading-title.elementor-size-medium{font-size:19px}.elementor-widget-heading .elementor-heading-title.elementor-size-large{font-size:29px}.elementor-widget-heading .elementor-heading-title.elementor-size-xl{font-size:39px}.elementor-widget-heading .elementor-heading-title.elementor-size-xxl{font-size:59px}<\/style><h1 class=\"elementor-heading-title elementor-size-default\">Hakk\u0131m\u0131zda<\/h1>\t\t<\/div>\n\t\t\t\t<\/div>\n\t\t\t\t\t<\/div>\n\t\t<\/div>\n\t\t\t\t\t\t\t<\/div>\n\t\t<\/section>\n\t\t\t\t<section class=\"elementor-section elementor-top-section elementor-element elementor-element-09b5726 elementor-section-boxed elementor-section-height-default elementor-section-height-default\" data-id=\"09b5726\" data-element_type=\"section\" data-settings=\"{&quot;background_background&quot;:&quot;classic&quot;}\">\n\t\t\t\t\t\t<div class=\"elementor-container elementor-column-gap-default\">\n\t\t\t\t\t<div class=\"elementor-column elementor-col-50 elementor-top-column elementor-element elementor-element-a42ee09 lakit-col-width-auto-no\" data-id=\"a42ee09\" data-element_type=\"column\" data-settings=\"{&quot;background_background&quot;:&quot;classic&quot;}\">\n\t\t\t<div class=\"elementor-widget-wrap elementor-element-populated\">\n\t\t\t\t\t<div class=\"elementor-background-overlay\"><\/div>\n\t\t\t\t\t\t\t\t<div class=\"elementor-element elementor-element-bad8a02 elementor-widget elementor-widget-image\" data-id=\"bad8a02\" data-element_type=\"widget\" data-widget_type=\"image.default\">\n\t\t\t\t<div class=\"elementor-widget-container\">\n\t\t\t<style>\/*! elementor - v3.17.0 - 08-11-2023 *\/\n.elementor-widget-image{text-align:center}.elementor-widget-image a{display:inline-block}.elementor-widget-image a img[src$=\".svg\"]{width:48px}.elementor-widget-image img{vertical-align:middle;display:inline-block}<\/style>\t\t\t\t\t\t\t\t\t\t\t\t<img fetchpriority=\"high\" decoding=\"async\" width=\"684\" height=\"1024\" src=\"https:\/\/phokaiabusiness.com\/wp-content\/uploads\/2023\/11\/african-businessman-wearing-suit-and-tie-in-coffee-shop-while-using-laptop-computer-684x1024.jpg\" class=\"attachment-large size-large wp-image-89\" alt=\"African businessman wearing suit and tie in coffee shop while using laptop computer\" srcset=\"https:\/\/phokaiabusiness.com\/wp-content\/uploads\/2023\/11\/african-businessman-wearing-suit-and-tie-in-coffee-shop-while-using-laptop-computer-684x1024.jpg 684w, https:\/\/phokaiabusiness.com\/wp-content\/uploads\/2023\/11\/african-businessman-wearing-suit-and-tie-in-coffee-shop-while-using-laptop-computer-200x300.jpg 200w, https:\/\/phokaiabusiness.com\/wp-content\/uploads\/2023\/11\/african-businessman-wearing-suit-and-tie-in-coffee-shop-while-using-laptop-computer-768x1151.jpg 768w, https:\/\/phokaiabusiness.com\/wp-content\/uploads\/2023\/11\/african-businessman-wearing-suit-and-tie-in-coffee-shop-while-using-laptop-computer-1025x1536.jpg 1025w, https:\/\/phokaiabusiness.com\/wp-content\/uploads\/2023\/11\/african-businessman-wearing-suit-and-tie-in-coffee-shop-while-using-laptop-computer.jpg 1335w\" sizes=\"(max-width: 684px) 100vw, 684px\" \/>\t\t\t\t\t\t\t\t\t\t\t\t\t\t\t<\/div>\n\t\t\t\t<\/div>\n\t\t\t\t\t<\/div>\n\t\t<\/div>\n\t\t\t\t<div class=\"elementor-column elementor-col-50 elementor-top-column elementor-element elementor-element-09ceba2 lakit-col-width-auto-no\" data-id=\"09ceba2\" data-element_type=\"column\" data-settings=\"{&quot;background_background&quot;:&quot;classic&quot;}\">\n\t\t\t<div class=\"elementor-widget-wrap elementor-element-populated\">\n\t\t\t\t\t\t\t\t<div class=\"elementor-element elementor-element-18d2a75 elementor-invisible lakit-has-entrance-animation elementor-widget elementor-widget-heading\" data-id=\"18d2a75\" data-element_type=\"widget\" data-settings=\"{&quot;_animation&quot;:&quot;fadeInUp&quot;}\" data-widget_type=\"heading.default\">\n\t\t\t\t<div class=\"elementor-widget-container\">\n\t\t\t<h4 class=\"elementor-heading-title elementor-size-default\">Hakk\u0131m\u0131zda<\/h4>\t\t<\/div>\n\t\t\t\t<\/div>\n\t\t\t\t<div class=\"elementor-element elementor-element-2e8aec7 animated-slow elementor-invisible lakit-has-entrance-animation elementor-widget elementor-widget-heading\" data-id=\"2e8aec7\" data-element_type=\"widget\" data-settings=\"{&quot;_animation&quot;:&quot;fadeInUp&quot;}\" data-widget_type=\"heading.default\">\n\t\t\t\t<div class=\"elementor-widget-container\">\n\t\t\t<h2 class=\"elementor-heading-title elementor-size-default\">Afrika'da \u0130novasyon ve \u0130\u015f Geli\u015ftirme Kav\u015fa\u011f\u0131nda.  <\/h2>\t\t<\/div>\n\t\t\t\t<\/div>\n\t\t\t\t<div class=\"elementor-element elementor-element-bb8e931 animated-slow elementor-invisible lakit-has-entrance-animation elementor-widget elementor-widget-text-editor\" data-id=\"bb8e931\" data-element_type=\"widget\" data-settings=\"{&quot;_animation&quot;:&quot;fadeInUp&quot;}\" data-widget_type=\"text-editor.default\">\n\t\t\t\t<div class=\"elementor-widget-container\">\n\t\t\t<style>\/*! elementor - v3.17.0 - 08-11-2023 *\/\n.elementor-widget-text-editor.elementor-drop-cap-view-stacked .elementor-drop-cap{background-color:#69727d;color:#fff}.elementor-widget-text-editor.elementor-drop-cap-view-framed .elementor-drop-cap{color:#69727d;border:3px solid;background-color:transparent}.elementor-widget-text-editor:not(.elementor-drop-cap-view-default) .elementor-drop-cap{margin-top:8px}.elementor-widget-text-editor:not(.elementor-drop-cap-view-default) .elementor-drop-cap-letter{width:1em;height:1em}.elementor-widget-text-editor .elementor-drop-cap{float:left;text-align:center;line-height:1;font-size:50px}.elementor-widget-text-editor .elementor-drop-cap-letter{display:inline-block}<\/style>\t\t\t\t<div class=\"flex-1 overflow-hidden\">\n<div class=\"react-scroll-to-bottom--css-ikhcq-79elbk h-full\">\n<div class=\"react-scroll-to-bottom--css-ikhcq-1n7m0yu\">\n<div class=\"flex flex-col text-sm gizmo:pb-9 dark:bg-gray-800 gizmo:dark:bg-transparent\">\n<div class=\"w-full text-token-text-primary border-b border-black\/10 gizmo:border-0 dark:border-gray-900\/50 gizmo:dark:border-0 bg-gray-50 gizmo:bg-transparent dark:bg-[#444654] gizmo:dark:bg-transparent\" data-testid=\"conversation-turn-7\">\n<div class=\"p-4 gizmo:py-2 justify-center text-base md:gap-6 md:py-6 m-auto\">\n<div class=\"flex flex-1 gap-4 text-base mx-auto md:gap-6 gizmo:gap-3 gizmo:md:px-5 gizmo:lg:px-1 gizmo:xl:px-5 md:max-w-2xl lg:max-w-[38rem] gizmo:md:max-w-3xl gizmo:lg:max-w-[40rem] gizmo:xl:max-w-[48rem] xl:max-w-3xl } group final-completion\">\n<div class=\"relative flex w-[calc(100%-50px)] flex-col gizmo:w-full lg:w-[calc(100%-115px)] agent-turn\">\n<div class=\"flex-col gap-1 md:gap-3\">\n<div class=\"flex flex-grow flex-col max-w-full gap-3 gizmo:gap-0\">\n<div class=\"min-h-[20px] text-message flex flex-col items-start gap-3 whitespace-pre-wrap break-words [.text-message+&amp;]:mt-5 overflow-x-auto\" data-message-author-role=\"assistant\" data-message-id=\"db463f9c-b7f9-4fd9-b653-47a8ec16b7f4\">\n<div class=\"markdown prose w-full break-words dark:prose-invert light\">\n<p><strong>Phokaia Business HUB Hakk\u0131nda<\/strong><\/p>\n<p><strong>Bat\u0131 Afrika<\/strong>&#8216;da geli\u015fmek isteyen t\u00fcm i\u015fletmeler i\u00e7in \u00f6nemli bir referans noktas\u0131 olan <strong>Phokaia Business HUB<\/strong>&#8216;a ho\u015f geldiniz. 2023 y\u0131l\u0131nda <strong>Dakar<\/strong>&#8216;da kurulan i\u015f merkezimiz, b\u00f6lgedeki ticari ba\u015far\u0131 i\u00e7in bir kataliz\u00f6r olarak merkezi rol\u00fcyle \u00f6ne \u00e7\u0131kmaktad\u0131r.<\/p>\n<p><strong>Misyonumuz:<\/strong> Kapsaml\u0131 bir stratejik ve operasyonel hizmetler yelpazesi sunarak <strong>i\u015fletmelerin ba\u015far\u0131l\u0131 bir \u015fekilde b\u00fcy\u00fcmesini<\/strong> kolayla\u015ft\u0131rmaya kararl\u0131y\u0131z. Misyonumuz, Senegal ve <strong>Bat\u0131 Afrika<\/strong> pazar\u0131na girmek isteyen uluslararas\u0131 \u015firketlerin tercih etti\u011fi ortak olmak ve onlara yerel uzmanl\u0131\u011f\u0131m\u0131z\u0131, geni\u015f a\u011f\u0131m\u0131z\u0131 ve b\u00f6lgesel i\u015f dinamiklerini derinlemesine anlamalar\u0131n\u0131 sa\u011flamakt\u0131r.<\/p>\n<p><strong>Temellerimiz:<\/strong> Phokaia Business HUB \u00fc\u00e7 temel s\u00fctuna dayanmaktad\u0131r: uzmanl\u0131k, \u00f6zelle\u015ftirme ve ba\u011flanabilirlik. Yerel ve uluslararas\u0131 pazarlara ili\u015fkin derinlemesine bilgi birikimimizi, her bir m\u00fc\u015fterinin \u00f6zel ihtiya\u00e7lar\u0131n\u0131 kar\u015f\u0131lamak i\u00e7in ki\u015fiye \u00f6zel bir yakla\u015f\u0131mla birle\u015ftiriyoruz. \u0130\u015fletmeler, profesyoneller ve vizyonerlerden olu\u015fan dinamik a\u011f\u0131m\u0131z, a\u011f kurma, i\u015fbirli\u011fi ve kar\u015f\u0131l\u0131kl\u0131 b\u00fcy\u00fcme i\u00e7in ola\u011fan\u00fcst\u00fc bir platform sa\u011flar.<\/p>\n<p><strong>Hizmetlerimiz:<\/strong> \u0130ster derinlemesine pazar analizi, stratejik dan\u0131\u015fmanl\u0131k, sat\u0131\u015f deste\u011fi, \u00fcst d\u00fczey i\u015f etkinlikleri veya \u00f6zelle\u015ftirilmi\u015f stantlar ar\u0131yor olun, <strong>Phokaia Business HUB<\/strong> her ad\u0131mda yan\u0131n\u0131zda olacakt\u0131r.<\/p>\n<\/div>\n<\/div>\n<\/div>\n<\/div>\n<\/div>\n<\/div>\n<\/div>\n<\/div>\n<\/div>\n<\/div>\n<\/div>\n<\/div>\n\t\t\t\t\t\t<\/div>\n\t\t\t\t<\/div>\n\t\t\t\t<section class=\"elementor-section elementor-inner-section elementor-element elementor-element-0290af2 animated-slow elementor-section-boxed elementor-section-height-default elementor-section-height-default elementor-invisible lakit-has-entrance-animation\" data-id=\"0290af2\" data-element_type=\"section\" data-settings=\"{&quot;animation&quot;:&quot;fadeInUp&quot;}\">\n\t\t\t\t\t\t<div class=\"elementor-container elementor-column-gap-default\">\n\t\t\t\t\t<div class=\"elementor-column elementor-col-50 elementor-inner-column elementor-element elementor-element-8d95826 lakit-col-width-auto-no\" data-id=\"8d95826\" data-element_type=\"column\">\n\t\t\t<div class=\"elementor-widget-wrap elementor-element-populated\">\n\t\t\t\t\t\t\t\t<div class=\"elementor-element elementor-element-3d149b6 elementor-widget elementor-widget-image\" data-id=\"3d149b6\" data-element_type=\"widget\" data-widget_type=\"image.default\">\n\t\t\t\t<div class=\"elementor-widget-container\">\n\t\t\t\t\t\t\t\t\t\t\t\t\t\t\t<img decoding=\"async\" width=\"50\" height=\"50\" src=\"https:\/\/phokaiabusiness.com\/wp-content\/uploads\/2023\/11\/icon-4.png\" class=\"attachment-large size-large wp-image-41\" alt=\"\" \/>\t\t\t\t\t\t\t\t\t\t\t\t\t\t\t<\/div>\n\t\t\t\t<\/div>\n\t\t\t\t\t<\/div>\n\t\t<\/div>\n\t\t\t\t<div class=\"elementor-column elementor-col-50 elementor-inner-column elementor-element elementor-element-557a91c lakit-col-width-auto-no\" data-id=\"557a91c\" data-element_type=\"column\">\n\t\t\t<div class=\"elementor-widget-wrap elementor-element-populated\">\n\t\t\t\t\t\t\t\t<div class=\"elementor-element elementor-element-05da2ed elementor-widget elementor-widget-text-editor\" data-id=\"05da2ed\" data-element_type=\"widget\" data-widget_type=\"text-editor.default\">\n\t\t\t\t<div class=\"elementor-widget-container\">\n\t\t\t\t\t\t\t<div class=\"flex-1 overflow-hidden\">\n<div class=\"react-scroll-to-bottom--css-ikhcq-79elbk h-full\">\n<div class=\"react-scroll-to-bottom--css-ikhcq-1n7m0yu\">\n<div class=\"flex flex-col text-sm gizmo:pb-9 dark:bg-gray-800 gizmo:dark:bg-transparent\">\n<div class=\"w-full text-token-text-primary border-b border-black\/10 gizmo:border-0 dark:border-gray-900\/50 gizmo:dark:border-0 bg-gray-50 gizmo:bg-transparent dark:bg-[#444654] gizmo:dark:bg-transparent\" data-testid=\"conversation-turn-21\">\n<div class=\"p-4 gizmo:py-2 justify-center text-base md:gap-6 md:py-6 m-auto\">\n<div class=\"flex flex-1 gap-4 text-base mx-auto md:gap-6 gizmo:gap-3 gizmo:md:px-5 gizmo:lg:px-1 gizmo:xl:px-5 md:max-w-2xl lg:max-w-[38rem] gizmo:md:max-w-3xl gizmo:lg:max-w-[40rem] gizmo:xl:max-w-[48rem] xl:max-w-3xl } group final-completion\">\n<div class=\"relative flex w-[calc(100%-50px)] flex-col gizmo:w-full lg:w-[calc(100%-115px)] agent-turn\">\n<div class=\"flex-col gap-1 md:gap-3\">\n<div class=\"flex flex-grow flex-col max-w-full gap-3 gizmo:gap-0\">\n<div class=\"min-h-[20px] text-message flex flex-col items-start gap-3 whitespace-pre-wrap break-words [.text-message+&amp;]:mt-5 overflow-x-auto\" data-message-author-role=\"assistant\" data-message-id=\"303eb677-ce82-43d1-a5df-8e090879725f\">\n<div class=\"markdown prose w-full break-words dark:prose-invert light\">\n<p><strong>Bu heyecan verici i\u015f maceras\u0131nda bize kat\u0131l\u0131n ve Phokaia Business HUB&#8217;\u0131n \u00f6zlemlerinizi somut ba\u015far\u0131lara d\u00f6n\u00fc\u015ft\u00fcren orta\u011f\u0131n\u0131z olabilece\u011fini ke\u015ffedin.<\/strong><\/p>\n<\/div>\n<\/div>\n<\/div>\n<div class=\"flex justify-between empty:hidden gizmo:mt-1 gizmo:justify-start gizmo:gap-3 lg:block gizmo:lg:flex\">\n<div class=\"text-gray-400 flex self-end lg:self-center justify-center gizmo:lg:justify-start mt-2 gizmo:mt-0 visible gap-1\"> <\/div>\n<\/div>\n<\/div>\n<\/div>\n<\/div>\n<\/div>\n<\/div>\n<\/div>\n<\/div>\n<\/div>\n<\/div>\n\t\t\t\t\t\t<\/div>\n\t\t\t\t<\/div>\n\t\t\t\t\t<\/div>\n\t\t<\/div>\n\t\t\t\t\t\t\t<\/div>\n\t\t<\/section>\n\t\t\t\t\t<\/div>\n\t\t<\/div>\n\t\t\t\t\t\t\t<\/div>\n\t\t<\/section>\n\t\t\t\t<section class=\"elementor-section elementor-top-section elementor-element elementor-element-0573350 elementor-section-boxed elementor-section-height-default elementor-section-height-default\" data-id=\"0573350\" data-element_type=\"section\" data-settings=\"{&quot;background_background&quot;:&quot;classic&quot;}\">\n\t\t\t\t\t\t\t<div class=\"elementor-background-overlay\"><\/div>\n\t\t\t\t\t\t\t<div class=\"elementor-container elementor-column-gap-default\">\n\t\t\t\t\t<div class=\"elementor-column elementor-col-33 elementor-top-column elementor-element elementor-element-d88486c lakit-col-width-auto-no\" data-id=\"d88486c\" data-element_type=\"column\">\n\t\t\t<div class=\"elementor-widget-wrap elementor-element-populated\">\n\t\t\t\t\t\t\t\t<div class=\"elementor-element elementor-element-e0b5867 elementor-widget elementor-widget-heading\" data-id=\"e0b5867\" data-element_type=\"widget\" data-widget_type=\"heading.default\">\n\t\t\t\t<div class=\"elementor-widget-container\">\n\t\t\t<h4 class=\"elementor-heading-title elementor-size-default\">Bize ula\u015f\u0131n<\/h4>\t\t<\/div>\n\t\t\t\t<\/div>\n\t\t\t\t<div class=\"elementor-element elementor-element-3aacf40 elementor-widget elementor-widget-heading\" data-id=\"3aacf40\" data-element_type=\"widget\" data-widget_type=\"heading.default\">\n\t\t\t\t<div class=\"elementor-widget-container\">\n\t\t\t<h3 class=\"elementor-heading-title elementor-size-default\">Bat\u0131 Afrika'da yeni i\u015f ufuklar\u0131n\u0131 fethetmeye haz\u0131r m\u0131s\u0131n\u0131z?<\/h3>\t\t<\/div>\n\t\t\t\t<\/div>\n\t\t\t\t<div class=\"elementor-element elementor-element-6601ad7 elementor-widget elementor-widget-text-editor\" data-id=\"6601ad7\" data-element_type=\"widget\" data-widget_type=\"text-editor.default\">\n\t\t\t\t<div class=\"elementor-widget-container\">\n\t\t\t\t\t\t\t<p>Phokaia Business HUB&#8217;\u0131n hedeflerinizi nas\u0131l ger\u00e7e\u011fe d\u00f6n\u00fc\u015ft\u00fcrebilece\u011fini \u00f6\u011frenin. Ba\u015far\u0131ya giden yolculu\u011funuza ba\u015flamak i\u00e7in bug\u00fcn bize ula\u015f\u0131n.<\/p>\n\t\t\t\t\t\t<\/div>\n\t\t\t\t<\/div>\n\t\t\t\t<div class=\"elementor-element elementor-element-1b5e148 elementor-widget elementor-widget-button\" data-id=\"1b5e148\" data-element_type=\"widget\" data-widget_type=\"button.default\">\n\t\t\t\t<div class=\"elementor-widget-container\">\n\t\t\t\t\t<div class=\"elementor-button-wrapper\">\n\t\t\t<a class=\"elementor-button elementor-button-link elementor-size-sm elementor-animation-float\" href=\"https:\/\/phokaiabusiness.com\/contact\/\">\n\t\t\t\t\t\t<span class=\"elementor-button-content-wrapper\">\n\t\t\t\t\t\t<span class=\"elementor-button-text\">\u0130leti\u015fim<\/span>\n\t\t<\/span>\n\t\t\t\t\t<\/a>\n\t\t<\/div>\n\t\t\t\t<\/div>\n\t\t\t\t<\/div>\n\t\t\t\t\t<\/div>\n\t\t<\/div>\n\t\t\t\t<div class=\"elementor-column elementor-col-33 elementor-top-column elementor-element elementor-element-9e8f83c lakit-col-width-auto-no\" data-id=\"9e8f83c\" data-element_type=\"column\">\n\t\t\t<div class=\"elementor-widget-wrap elementor-element-populated\">\n\t\t\t\t\t\t\t\t<div class=\"elementor-element elementor-element-098ba31 elementor-widget elementor-widget-image\" data-id=\"098ba31\" data-element_type=\"widget\" data-widget_type=\"image.default\">\n\t\t\t\t<div class=\"elementor-widget-container\">\n\t\t\t\t\t\t\t\t\t\t\t\t\t\t\t<img decoding=\"async\" width=\"681\" height=\"1024\" src=\"https:\/\/phokaiabusiness.com\/wp-content\/uploads\/2023\/11\/business-on-the-go-cheerful-young-african-businessman-using-his-laptop-while-standing-at-the-bar-681x1024.jpg\" class=\"attachment-large size-large wp-image-90\" alt=\"Business on the go. Cheerful young African businessman using his laptop while standing at the bar\" srcset=\"https:\/\/phokaiabusiness.com\/wp-content\/uploads\/2023\/11\/business-on-the-go-cheerful-young-african-businessman-using-his-laptop-while-standing-at-the-bar-681x1024.jpg 681w, https:\/\/phokaiabusiness.com\/wp-content\/uploads\/2023\/11\/business-on-the-go-cheerful-young-african-businessman-using-his-laptop-while-standing-at-the-bar-200x300.jpg 200w, https:\/\/phokaiabusiness.com\/wp-content\/uploads\/2023\/11\/business-on-the-go-cheerful-young-african-businessman-using-his-laptop-while-standing-at-the-bar-768x1154.jpg 768w, https:\/\/phokaiabusiness.com\/wp-content\/uploads\/2023\/11\/business-on-the-go-cheerful-young-african-businessman-using-his-laptop-while-standing-at-the-bar-1022x1536.jpg 1022w, https:\/\/phokaiabusiness.com\/wp-content\/uploads\/2023\/11\/business-on-the-go-cheerful-young-african-businessman-using-his-laptop-while-standing-at-the-bar.jpg 1331w\" sizes=\"(max-width: 681px) 100vw, 681px\" \/>\t\t\t\t\t\t\t\t\t\t\t\t\t\t\t<\/div>\n\t\t\t\t<\/div>\n\t\t\t\t\t<\/div>\n\t\t<\/div>\n\t\t\t\t<div class=\"elementor-column elementor-col-33 elementor-top-column elementor-element elementor-element-e236fae lakit-col-width-auto-no\" data-id=\"e236fae\" data-element_type=\"column\" data-settings=\"{&quot;background_background&quot;:&quot;classic&quot;}\">\n\t\t\t<div class=\"elementor-widget-wrap elementor-element-populated\">\n\t\t\t\t\t\t\t\t<div class=\"elementor-element elementor-element-437fd15 elementor-widget elementor-widget-image\" data-id=\"437fd15\" data-element_type=\"widget\" data-widget_type=\"image.default\">\n\t\t\t\t<div class=\"elementor-widget-container\">\n\t\t\t\t\t\t\t\t\t\t\t\t\t\t\t<img loading=\"lazy\" decoding=\"async\" width=\"682\" height=\"1024\" src=\"https:\/\/phokaiabusiness.com\/wp-content\/uploads\/2023\/11\/african-woman-manager-sharing-ideas-business-strategy-explaining-new-strategies--682x1024.jpg\" class=\"attachment-large size-large wp-image-91\" alt=\"African woman manager sharing ideas business strategy, explaining new strategies.\" srcset=\"https:\/\/phokaiabusiness.com\/wp-content\/uploads\/2023\/11\/african-woman-manager-sharing-ideas-business-strategy-explaining-new-strategies--682x1024.jpg 682w, https:\/\/phokaiabusiness.com\/wp-content\/uploads\/2023\/11\/african-woman-manager-sharing-ideas-business-strategy-explaining-new-strategies--200x300.jpg 200w, https:\/\/phokaiabusiness.com\/wp-content\/uploads\/2023\/11\/african-woman-manager-sharing-ideas-business-strategy-explaining-new-strategies--768x1152.jpg 768w, https:\/\/phokaiabusiness.com\/wp-content\/uploads\/2023\/11\/african-woman-manager-sharing-ideas-business-strategy-explaining-new-strategies--1024x1536.jpg 1024w, https:\/\/phokaiabusiness.com\/wp-content\/uploads\/2023\/11\/african-woman-manager-sharing-ideas-business-strategy-explaining-new-strategies-.jpg 1333w\" sizes=\"(max-width: 682px) 100vw, 682px\" \/>\t\t\t\t\t\t\t\t\t\t\t\t\t\t\t<\/div>\n\t\t\t\t<\/div>\n\t\t\t\t\t<\/div>\n\t\t<\/div>\n\t\t\t\t\t\t\t<\/div>\n\t\t<\/section>\n\t\t\t\t\t\t\t<\/div>\n\t\t","protected":false},"excerpt":{"rendered":"<p>Hakk\u0131m\u0131zda Hakk\u0131m\u0131zda Afrika&#8217;da \u0130novasyon ve \u0130\u015f Geli\u015ftirme Kav\u015fa\u011f\u0131nda. Phokaia Business HUB Hakk\u0131nda Bat\u0131 Afrika&#8216;da geli\u015fmek isteyen t\u00fcm i\u015fletmeler i\u00e7in \u00f6nemli bir referans noktas\u0131 olan Phokaia Business HUB&#8216;a ho\u015f geldiniz. 2023 y\u0131l\u0131nda Dakar&#8216;da kurulan i\u015f merkezimiz, b\u00f6lgedeki ticari ba\u015far\u0131 i\u00e7in bir kataliz\u00f6r olarak merkezi rol\u00fcyle \u00f6ne \u00e7\u0131kmaktad\u0131r. Misyonumuz: Kapsaml\u0131 bir stratejik ve operasyonel hizmetler yelpazesi sunarak [&hellip;]<\/p>\n","protected":false},"author":1,"featured_media":0,"parent":0,"menu_order":0,"comment_status":"closed","ping_status":"closed","template":"elementor_header_footer","meta":{"footnotes":""},"_links":{"self":[{"href":"https:\/\/phokaiabusiness.com\/tr\/wp-json\/wp\/v2\/pages\/363"}],"collection":[{"href":"https:\/\/phokaiabusiness.com\/tr\/wp-json\/wp\/v2\/pages"}],"about":[{"href":"https:\/\/phokaiabusiness.com\/tr\/wp-json\/wp\/v2\/types\/page"}],"author":[{"embeddable":true,"href":"https:\/\/phokaiabusiness.com\/tr\/wp-json\/wp\/v2\/users\/1"}],"replies":[{"embeddable":true,"href":"https:\/\/phokaiabusiness.com\/tr\/wp-json\/wp\/v2\/comments?post=363"}],"version-history":[{"count":3,"href":"https:\/\/phokaiabusiness.com\/tr\/wp-json\/wp\/v2\/pages\/363\/revisions"}],"predecessor-version":[{"id":372,"href":"https:\/\/phokaiabusiness.com\/tr\/wp-json\/wp\/v2\/pages\/363\/revisions\/372"}],"wp:attachment":[{"href":"https:\/\/phokaiabusiness.com\/tr\/wp-json\/wp\/v2\/media?parent=363"}],"curies":[{"name":"wp","href":"https:\/\/api.w.org\/{rel}","templated":true}]}}