{"id":364,"date":"2024-01-23T15:05:19","date_gmt":"2024-01-23T14:05:19","guid":{"rendered":"https:\/\/phokaiabusiness.com\/uzaktan-temsil\/"},"modified":"2024-01-24T14:09:02","modified_gmt":"2024-01-24T13:09:02","slug":"uzaktan-temsil","status":"publish","type":"page","link":"https:\/\/phokaiabusiness.com\/tr\/uzaktan-temsil\/","title":{"rendered":"Ofis ve Personel Deste\u011fi"},"content":{"rendered":"\t\t<div data-elementor-type=\"wp-page\" data-elementor-id=\"364\" class=\"elementor elementor-364 elementor-195\" data-elementor-post-type=\"page\">\n\t\t\t\t\t\t\t\t\t<section class=\"elementor-section elementor-top-section elementor-element elementor-element-241f99d elementor-section-boxed elementor-section-height-default elementor-section-height-default\" data-id=\"241f99d\" data-element_type=\"section\" data-settings=\"{&quot;background_background&quot;:&quot;classic&quot;}\">\n\t\t\t\t\t\t\t<div class=\"elementor-background-overlay\"><\/div>\n\t\t\t\t\t\t\t<div class=\"elementor-container elementor-column-gap-default\">\n\t\t\t\t\t<div class=\"elementor-column elementor-col-100 elementor-top-column elementor-element elementor-element-241adda lakit-col-width-auto-no\" data-id=\"241adda\" data-element_type=\"column\">\n\t\t\t<div class=\"elementor-widget-wrap elementor-element-populated\">\n\t\t\t\t\t\t\t\t<div class=\"elementor-element elementor-element-71882ee elementor-widget elementor-widget-heading\" data-id=\"71882ee\" data-element_type=\"widget\" data-widget_type=\"heading.default\">\n\t\t\t\t<div class=\"elementor-widget-container\">\n\t\t\t<style>\/*! elementor - v3.17.0 - 08-11-2023 *\/\n.elementor-heading-title{padding:0;margin:0;line-height:1}.elementor-widget-heading .elementor-heading-title[class*=elementor-size-]>a{color:inherit;font-size:inherit;line-height:inherit}.elementor-widget-heading .elementor-heading-title.elementor-size-small{font-size:15px}.elementor-widget-heading .elementor-heading-title.elementor-size-medium{font-size:19px}.elementor-widget-heading .elementor-heading-title.elementor-size-large{font-size:29px}.elementor-widget-heading .elementor-heading-title.elementor-size-xl{font-size:39px}.elementor-widget-heading .elementor-heading-title.elementor-size-xxl{font-size:59px}<\/style><h1 class=\"elementor-heading-title elementor-size-default\">Ofis ve Personel Deste\u011fi<\/h1>\t\t<\/div>\n\t\t\t\t<\/div>\n\t\t\t\t\t<\/div>\n\t\t<\/div>\n\t\t\t\t\t\t\t<\/div>\n\t\t<\/section>\n\t\t\t\t<section class=\"elementor-section elementor-top-section elementor-element elementor-element-083294a elementor-section-boxed elementor-section-height-default elementor-section-height-default\" data-id=\"083294a\" data-element_type=\"section\" data-settings=\"{&quot;background_background&quot;:&quot;classic&quot;}\">\n\t\t\t\t\t\t<div class=\"elementor-container elementor-column-gap-default\">\n\t\t\t\t\t<div class=\"elementor-column elementor-col-50 elementor-top-column elementor-element elementor-element-c174097 lakit-col-width-auto-no\" data-id=\"c174097\" data-element_type=\"column\" data-settings=\"{&quot;background_background&quot;:&quot;classic&quot;}\">\n\t\t\t<div class=\"elementor-widget-wrap elementor-element-populated\">\n\t\t\t\t\t<div class=\"elementor-background-overlay\"><\/div>\n\t\t\t\t\t\t\t\t<div class=\"elementor-element elementor-element-d9da242 elementor-widget elementor-widget-image\" data-id=\"d9da242\" data-element_type=\"widget\" data-widget_type=\"image.default\">\n\t\t\t\t<div class=\"elementor-widget-container\">\n\t\t\t<style>\/*! elementor - v3.17.0 - 08-11-2023 *\/\n.elementor-widget-image{text-align:center}.elementor-widget-image a{display:inline-block}.elementor-widget-image a img[src$=\".svg\"]{width:48px}.elementor-widget-image img{vertical-align:middle;display:inline-block}<\/style>\t\t\t\t\t\t\t\t\t\t\t\t<img fetchpriority=\"high\" decoding=\"async\" width=\"800\" height=\"800\" src=\"https:\/\/phokaiabusiness.com\/wp-content\/uploads\/2024\/01\/WhatsApp-Image-2024-01-23-at-16.22.31.jpeg\" class=\"attachment-large size-large wp-image-368\" alt=\"\" srcset=\"https:\/\/phokaiabusiness.com\/wp-content\/uploads\/2024\/01\/WhatsApp-Image-2024-01-23-at-16.22.31.jpeg 1024w, https:\/\/phokaiabusiness.com\/wp-content\/uploads\/2024\/01\/WhatsApp-Image-2024-01-23-at-16.22.31-300x300.jpeg 300w, https:\/\/phokaiabusiness.com\/wp-content\/uploads\/2024\/01\/WhatsApp-Image-2024-01-23-at-16.22.31-150x150.jpeg 150w, https:\/\/phokaiabusiness.com\/wp-content\/uploads\/2024\/01\/WhatsApp-Image-2024-01-23-at-16.22.31-768x768.jpeg 768w\" sizes=\"(max-width: 800px) 100vw, 800px\" \/>\t\t\t\t\t\t\t\t\t\t\t\t\t\t\t<\/div>\n\t\t\t\t<\/div>\n\t\t\t\t\t<\/div>\n\t\t<\/div>\n\t\t\t\t<div class=\"elementor-column elementor-col-50 elementor-top-column elementor-element elementor-element-abdb3d6 lakit-col-width-auto-no\" data-id=\"abdb3d6\" data-element_type=\"column\" data-settings=\"{&quot;background_background&quot;:&quot;classic&quot;}\">\n\t\t\t<div class=\"elementor-widget-wrap elementor-element-populated\">\n\t\t\t\t\t\t\t\t<div class=\"elementor-element elementor-element-63cbdce animated-slow elementor-invisible lakit-has-entrance-animation elementor-widget elementor-widget-heading\" data-id=\"63cbdce\" data-element_type=\"widget\" data-settings=\"{&quot;_animation&quot;:&quot;fadeInUp&quot;}\" data-widget_type=\"heading.default\">\n\t\t\t\t<div class=\"elementor-widget-container\">\n\t\t\t<h2 class=\"elementor-heading-title elementor-size-default\">  Size \u00f6zel bir temsilci ile Bat\u0131 Afrika'daki b\u00fcy\u00fcmenizi h\u0131zland\u0131r\u0131n\n<\/h2>\t\t<\/div>\n\t\t\t\t<\/div>\n\t\t\t\t<div class=\"elementor-element elementor-element-8df936a animated-slow elementor-invisible lakit-has-entrance-animation elementor-widget elementor-widget-text-editor\" data-id=\"8df936a\" data-element_type=\"widget\" data-settings=\"{&quot;_animation&quot;:&quot;fadeInUp&quot;}\" data-widget_type=\"text-editor.default\">\n\t\t\t\t<div class=\"elementor-widget-container\">\n\t\t\t<style>\/*! elementor - v3.17.0 - 08-11-2023 *\/\n.elementor-widget-text-editor.elementor-drop-cap-view-stacked .elementor-drop-cap{background-color:#69727d;color:#fff}.elementor-widget-text-editor.elementor-drop-cap-view-framed .elementor-drop-cap{color:#69727d;border:3px solid;background-color:transparent}.elementor-widget-text-editor:not(.elementor-drop-cap-view-default) .elementor-drop-cap{margin-top:8px}.elementor-widget-text-editor:not(.elementor-drop-cap-view-default) .elementor-drop-cap-letter{width:1em;height:1em}.elementor-widget-text-editor .elementor-drop-cap{float:left;text-align:center;line-height:1;font-size:50px}.elementor-widget-text-editor .elementor-drop-cap-letter{display:inline-block}<\/style>\t\t\t\t<div class=\"flex-1 overflow-hidden\">\n<div class=\"react-scroll-to-bottom--css-ikhcq-79elbk h-full\">\n<div class=\"react-scroll-to-bottom--css-ikhcq-1n7m0yu\">\n<div class=\"flex flex-col text-sm gizmo:pb-9 dark:bg-gray-800 gizmo:dark:bg-transparent\">\n<div class=\"w-full text-token-text-primary border-b border-black\/10 gizmo:border-0 dark:border-gray-900\/50 gizmo:dark:border-0 bg-gray-50 gizmo:bg-transparent dark:bg-[#444654] gizmo:dark:bg-transparent\" data-testid=\"conversation-turn-7\">\n<div class=\"p-4 gizmo:py-2 justify-center text-base md:gap-6 md:py-6 m-auto\">\n<div class=\"flex flex-1 gap-4 text-base mx-auto md:gap-6 gizmo:gap-3 gizmo:md:px-5 gizmo:lg:px-1 gizmo:xl:px-5 md:max-w-2xl lg:max-w-[38rem] gizmo:md:max-w-3xl gizmo:lg:max-w-[40rem] gizmo:xl:max-w-[48rem] xl:max-w-3xl } group final-completion\">\n<div class=\"relative flex w-[calc(100%-50px)] flex-col gizmo:w-full lg:w-[calc(100%-115px)] agent-turn\">\n<div class=\"flex-col gap-1 md:gap-3\">\n<div class=\"flex flex-grow flex-col max-w-full gap-3 gizmo:gap-0\">\n<div class=\"min-h-[20px] text-message flex flex-col items-start gap-3 whitespace-pre-wrap break-words [.text-message+&amp;]:mt-5 overflow-x-auto\" data-message-author-role=\"assistant\" data-message-id=\"db463f9c-b7f9-4fd9-b653-47a8ec16b7f4\">\n<div class=\"markdown prose w-full break-words dark:prose-invert light\">\n<p>\u0130\u015finizi Bat\u0131 Afrika pazar\u0131nda g\u00fcven ve verimlilikle ba\u015flat\u0131n. \u00d6zel hizmetimiz, bu y\u00fcksek potansiyelli b\u00f6lgede do\u011frudan el\u00e7iniz olarak hareket eden \u00f6zel bir temsilci sa\u011flar.<\/p>\n<p><strong>Teklifimiz :<\/strong><br \/>Her ortak \u015firkete, i\u015finizle m\u00fckemmel bir e\u015fle\u015fme sa\u011flamak i\u00e7in bir dizi nitelikli aday aras\u0131ndan \u00f6zel olarak se\u00e7ilen ki\u015fisel bir temsilci atan\u0131r. Yerel ofisimizden faaliyet g\u00f6steren bu temsilci, Bat\u0131 Afrika pazar\u0131na a\u00e7\u0131l\u0131m\u0131n\u0131z\u0131n temel ta\u015f\u0131d\u0131r.<\/p>\n<p><strong>Avantajlar\u0131n\u0131z :<\/strong><\/p>\n<p>Maliyet azaltma: Yerel bir yap\u0131 kurma masraflar\u0131n\u0131 en aza indirin.<br \/>G\u00fcven \u0130li\u015fkisi: Temsilcinizle \u015feffaf ve do\u011frudan ileti\u015fim kurun.<br \/>\u00c7e\u015fitlendirilmi\u015f Temsilci se\u00e7imi : \u00c7e\u015fitli yetenekli ve deneyimli profiller aras\u0131ndan ideal aday\u0131 se\u00e7in.<br \/>Derinlemesine Yerel Bilgi: Bat\u0131 Afrika pazar\u0131n\u0131n kendine has \u00f6zelliklerini bilen temsilcilerin uzmanl\u0131\u011f\u0131ndan yararlan\u0131n.<br \/>A\u011f\u0131n\u0131z\u0131 geni\u015fletin: Kurdu\u011funuz ba\u011flant\u0131lar arac\u0131l\u0131\u011f\u0131yla yerel i\u015f f\u0131rsatlar\u0131na eri\u015fin.<\/p>\n<p><strong>Nas\u0131l \u00e7al\u0131\u015f\u0131r :<\/strong><\/p>\n<p>\u0130htiya\u00e7 De\u011ferlendirmesi: \u00d6zel hedeflerinizi ve pazara ili\u015fkin vizyonunuzu belirleyerek i\u015fe ba\u015fl\u0131yoruz.<br \/>Titiz se\u00e7im: \u0130deal temsilcinizi, markan\u0131z ve \u00fcr\u00fcnleriniz i\u00e7in iyi bir e\u015fle\u015fme olan nitelikli adaylar aras\u0131ndan se\u00e7ersiniz.<br \/>Entegrasyon ve destek: Se\u00e7ilen temsilci kurum k\u00fclt\u00fcr\u00fcn\u00fcze entegre olacak, \u00f6zg\u00fcn ve etkili bir temsili garanti edecektir.<br \/>Hedefli Pazarlama Stratejisi: Temsilciniz, pazardaki varl\u0131\u011f\u0131n\u0131z\u0131 art\u0131rmak i\u00e7in size \u00f6zel stratejiler uygular.<\/p>\n<p><strong>Taahh\u00fcd\u00fcm\u00fcz:<\/strong><\/p>\n<p>Misyonumuz, Bat\u0131 Afrika&#8217;ya yapt\u0131\u011f\u0131n\u0131z yolculu\u011fu b\u00fcy\u00fck bir ba\u015far\u0131ya d\u00f6n\u00fc\u015ft\u00fcrmektir. Ki\u015fiselle\u015ftirilmi\u015f bir yakla\u015f\u0131m ve geni\u015f temsilci se\u00e7enekleriyle, de\u011ferlerinizi sadakatle yans\u0131tan ve ba\u015far\u0131n\u0131z i\u00e7in \u00e7abalayan bir \u015fekilde temsil edilmenizi sa\u011fl\u0131yoruz.<\/p>\n<p><strong>Market Deneyiminizi \u015eimdi Ba\u015flat\u0131n :<\/strong><\/p>\n<p>Bat\u0131 Afrika pazar\u0131n\u0131n zorluklar\u0131n\u0131n hedeflerinizi s\u0131n\u0131rlamas\u0131na izin vermeyin. Hizmetimizin i\u015f geli\u015ftirmenizde nas\u0131l devrim yaratabilece\u011fini ve \u015firketinizi nas\u0131l yeni zirvelere ta\u015f\u0131yabilece\u011fini ke\u015ffetmek i\u00e7in bizimle ileti\u015fime ge\u00e7in.<\/p>\n<\/div>\n<\/div>\n<\/div>\n<\/div>\n<\/div>\n<\/div>\n<\/div>\n<\/div>\n<\/div>\n<\/div>\n<\/div>\n<\/div>\n\t\t\t\t\t\t<\/div>\n\t\t\t\t<\/div>\n\t\t\t\t\t<\/div>\n\t\t<\/div>\n\t\t\t\t\t\t\t<\/div>\n\t\t<\/section>\n\t\t\t\t\t\t\t<\/div>\n\t\t","protected":false},"excerpt":{"rendered":"<p>Ofis ve Personel Deste\u011fi Size \u00f6zel bir temsilci ile Bat\u0131 Afrika&#8217;daki b\u00fcy\u00fcmenizi h\u0131zland\u0131r\u0131n \u0130\u015finizi Bat\u0131 Afrika pazar\u0131nda g\u00fcven ve verimlilikle ba\u015flat\u0131n. \u00d6zel hizmetimiz, bu y\u00fcksek potansiyelli b\u00f6lgede do\u011frudan el\u00e7iniz olarak hareket eden \u00f6zel bir temsilci sa\u011flar. Teklifimiz :Her ortak \u015firkete, i\u015finizle m\u00fckemmel bir e\u015fle\u015fme sa\u011flamak i\u00e7in bir dizi nitelikli aday aras\u0131ndan \u00f6zel olarak se\u00e7ilen ki\u015fisel [&hellip;]<\/p>\n","protected":false},"author":1,"featured_media":0,"parent":0,"menu_order":0,"comment_status":"closed","ping_status":"closed","template":"elementor_header_footer","meta":{"footnotes":""},"_links":{"self":[{"href":"https:\/\/phokaiabusiness.com\/tr\/wp-json\/wp\/v2\/pages\/364"}],"collection":[{"href":"https:\/\/phokaiabusiness.com\/tr\/wp-json\/wp\/v2\/pages"}],"about":[{"href":"https:\/\/phokaiabusiness.com\/tr\/wp-json\/wp\/v2\/types\/page"}],"author":[{"embeddable":true,"href":"https:\/\/phokaiabusiness.com\/tr\/wp-json\/wp\/v2\/users\/1"}],"replies":[{"embeddable":true,"href":"https:\/\/phokaiabusiness.com\/tr\/wp-json\/wp\/v2\/comments?post=364"}],"version-history":[{"count":3,"href":"https:\/\/phokaiabusiness.com\/tr\/wp-json\/wp\/v2\/pages\/364\/revisions"}],"predecessor-version":[{"id":410,"href":"https:\/\/phokaiabusiness.com\/tr\/wp-json\/wp\/v2\/pages\/364\/revisions\/410"}],"wp:attachment":[{"href":"https:\/\/phokaiabusiness.com\/tr\/wp-json\/wp\/v2\/media?parent=364"}],"curies":[{"name":"wp","href":"https:\/\/api.w.org\/{rel}","templated":true}]}}