{"id":385,"date":"2023-11-21T08:12:17","date_gmt":"2023-11-21T07:12:17","guid":{"rendered":"https:\/\/phokaiabusiness.com\/hizmetlerimiz\/"},"modified":"2024-01-23T19:00:13","modified_gmt":"2024-01-23T18:00:13","slug":"hizmetlerimiz","status":"publish","type":"page","link":"https:\/\/phokaiabusiness.com\/tr\/hizmetlerimiz\/","title":{"rendered":"Hizmetlerimiz"},"content":{"rendered":"\t\t<div data-elementor-type=\"wp-page\" data-elementor-id=\"385\" class=\"elementor elementor-385 elementor-22\" data-elementor-post-type=\"page\">\n\t\t\t\t\t\t\t\t\t<section class=\"elementor-section elementor-top-section elementor-element elementor-element-a276231 elementor-section-boxed elementor-section-height-default elementor-section-height-default\" data-id=\"a276231\" data-element_type=\"section\" data-settings=\"{&quot;background_background&quot;:&quot;classic&quot;}\">\n\t\t\t\t\t\t\t<div class=\"elementor-background-overlay\"><\/div>\n\t\t\t\t\t\t\t<div class=\"elementor-container elementor-column-gap-default\">\n\t\t\t\t\t<div class=\"elementor-column elementor-col-100 elementor-top-column elementor-element elementor-element-55062f5 lakit-col-width-auto-no\" data-id=\"55062f5\" data-element_type=\"column\">\n\t\t\t<div class=\"elementor-widget-wrap elementor-element-populated\">\n\t\t\t\t\t\t\t\t<div class=\"elementor-element elementor-element-5576774 elementor-widget elementor-widget-heading\" data-id=\"5576774\" data-element_type=\"widget\" data-widget_type=\"heading.default\">\n\t\t\t\t<div class=\"elementor-widget-container\">\n\t\t\t<style>\/*! elementor - v3.17.0 - 08-11-2023 *\/\n.elementor-heading-title{padding:0;margin:0;line-height:1}.elementor-widget-heading .elementor-heading-title[class*=elementor-size-]>a{color:inherit;font-size:inherit;line-height:inherit}.elementor-widget-heading .elementor-heading-title.elementor-size-small{font-size:15px}.elementor-widget-heading .elementor-heading-title.elementor-size-medium{font-size:19px}.elementor-widget-heading .elementor-heading-title.elementor-size-large{font-size:29px}.elementor-widget-heading .elementor-heading-title.elementor-size-xl{font-size:39px}.elementor-widget-heading .elementor-heading-title.elementor-size-xxl{font-size:59px}<\/style><h1 class=\"elementor-heading-title elementor-size-default\">Hizmetlerimiz<\/h1>\t\t<\/div>\n\t\t\t\t<\/div>\n\t\t\t\t\t<\/div>\n\t\t<\/div>\n\t\t\t\t\t\t\t<\/div>\n\t\t<\/section>\n\t\t\t\t<section class=\"elementor-section elementor-top-section elementor-element elementor-element-7e631fe elementor-section-boxed elementor-section-height-default elementor-section-height-default\" data-id=\"7e631fe\" data-element_type=\"section\" data-settings=\"{&quot;background_background&quot;:&quot;classic&quot;}\">\n\t\t\t\t\t\t<div class=\"elementor-container elementor-column-gap-default\">\n\t\t\t\t\t<div class=\"elementor-column elementor-col-100 elementor-top-column elementor-element elementor-element-8fcc1d4 lakit-col-width-auto-no\" data-id=\"8fcc1d4\" data-element_type=\"column\">\n\t\t\t<div class=\"elementor-widget-wrap elementor-element-populated\">\n\t\t\t\t\t\t\t\t<div class=\"elementor-element elementor-element-12cd34d animated-slow elementor-invisible lakit-has-entrance-animation elementor-widget elementor-widget-heading\" data-id=\"12cd34d\" data-element_type=\"widget\" data-settings=\"{&quot;_animation&quot;:&quot;fadeInUp&quot;}\" data-widget_type=\"heading.default\">\n\t\t\t\t<div class=\"elementor-widget-container\">\n\t\t\t<h2 class=\"elementor-heading-title elementor-size-default\">Sizin Ba\u015far\u0131n\u0131z, Bizim Misyonumuz<\/h2>\t\t<\/div>\n\t\t\t\t<\/div>\n\t\t\t\t<div class=\"elementor-element elementor-element-baa76eb elementor-widget elementor-widget-text-editor\" data-id=\"baa76eb\" data-element_type=\"widget\" data-widget_type=\"text-editor.default\">\n\t\t\t\t<div class=\"elementor-widget-container\">\n\t\t\t<style>\/*! elementor - v3.17.0 - 08-11-2023 *\/\n.elementor-widget-text-editor.elementor-drop-cap-view-stacked .elementor-drop-cap{background-color:#69727d;color:#fff}.elementor-widget-text-editor.elementor-drop-cap-view-framed .elementor-drop-cap{color:#69727d;border:3px solid;background-color:transparent}.elementor-widget-text-editor:not(.elementor-drop-cap-view-default) .elementor-drop-cap{margin-top:8px}.elementor-widget-text-editor:not(.elementor-drop-cap-view-default) .elementor-drop-cap-letter{width:1em;height:1em}.elementor-widget-text-editor .elementor-drop-cap{float:left;text-align:center;line-height:1;font-size:50px}.elementor-widget-text-editor .elementor-drop-cap-letter{display:inline-block}<\/style>\t\t\t\t<div class=\"w-full text-token-text-primary border-b border-black\/10 gizmo:border-0 dark:border-gray-900\/50 gizmo:dark:border-0 bg-gray-50 gizmo:bg-transparent dark:bg-[#444654] gizmo:dark:bg-transparent\" data-testid=\"conversation-turn-9\">\n<div class=\"p-4 gizmo:py-2 justify-center text-base md:gap-6 md:py-6 m-auto\">\n<div class=\"flex flex-1 gap-4 text-base mx-auto md:gap-6 gizmo:gap-3 gizmo:md:px-5 gizmo:lg:px-1 gizmo:xl:px-5 md:max-w-2xl lg:max-w-[38rem] gizmo:md:max-w-3xl gizmo:lg:max-w-[40rem] gizmo:xl:max-w-[48rem] xl:max-w-3xl } group\">\n<div class=\"relative flex w-[calc(100%-50px)] flex-col gizmo:w-full lg:w-[calc(100%-115px)] agent-turn\">\n<div class=\"flex-col gap-1 md:gap-3\">\n<div class=\"flex flex-grow flex-col max-w-full gap-3 gizmo:gap-0\">\n<div class=\"min-h-[20px] text-message flex flex-col items-start gap-3 whitespace-pre-wrap break-words [.text-message+&amp;]:mt-5 overflow-x-auto\" data-message-author-role=\"assistant\" data-message-id=\"f2c6f084-6277-4b7f-ac1e-0f2a83c1aca2\">\n<div class=\"markdown prose w-full break-words dark:prose-invert light\">\n<p><strong>Phokaia Business HUB<\/strong>, <strong>Bat\u0131 Afrika<\/strong>&#8216;daki i\u015f geni\u015flemenizi desteklemek i\u00e7in eksiksiz bir stratejik ve operasyonel hizmetler yelpazesi sunmaktad\u0131r. Tekliflerimizi ke\u015ffedin ve i\u015f hedeflerinizi g\u00fcvenle hayata ge\u00e7irin.<\/p>\n<\/div>\n<\/div>\n<\/div>\n<\/div>\n<\/div>\n<\/div>\n<\/div>\n<\/div>\n\t\t\t\t\t\t<\/div>\n\t\t\t\t<\/div>\n\t\t\t\t<section class=\"elementor-section elementor-inner-section elementor-element elementor-element-bc76a22 elementor-section-boxed elementor-section-height-default elementor-section-height-default\" data-id=\"bc76a22\" data-element_type=\"section\">\n\t\t\t\t\t\t<div class=\"elementor-container elementor-column-gap-default\">\n\t\t\t\t\t<div class=\"elementor-column elementor-col-50 elementor-inner-column elementor-element elementor-element-9cecabc lakit-col-width-auto-no\" data-id=\"9cecabc\" data-element_type=\"column\" data-settings=\"{&quot;background_background&quot;:&quot;classic&quot;}\">\n\t\t\t<div class=\"elementor-widget-wrap elementor-element-populated\">\n\t\t\t\t\t\t\t\t<div class=\"elementor-element elementor-element-3c735a5 elementor-widget elementor-widget-heading\" data-id=\"3c735a5\" data-element_type=\"widget\" data-widget_type=\"heading.default\">\n\t\t\t\t<div class=\"elementor-widget-container\">\n\t\t\t<h3 class=\"elementor-heading-title elementor-size-default\">Stratejik Dan\u0131\u015fmanl\u0131k<\/h3>\t\t<\/div>\n\t\t\t\t<\/div>\n\t\t\t\t<div class=\"elementor-element elementor-element-a3fbd80 elementor-widget elementor-widget-text-editor\" data-id=\"a3fbd80\" data-element_type=\"widget\" data-widget_type=\"text-editor.default\">\n\t\t\t\t<div class=\"elementor-widget-container\">\n\t\t\t\t\t\t\t<p>Afrika&#8217;da Ba\u015far\u0131 \u0130\u00e7in Rehberiniz<\/p>\n\t\t\t\t\t\t<\/div>\n\t\t\t\t<\/div>\n\t\t\t\t<div class=\"elementor-element elementor-element-a5c6b2f elementor-widget elementor-widget-text-editor\" data-id=\"a5c6b2f\" data-element_type=\"widget\" data-widget_type=\"text-editor.default\">\n\t\t\t\t<div class=\"elementor-widget-container\">\n\t\t\t\t\t\t\t<p>Phokaia Business HUB&#8217;da biz sadece dan\u0131\u015fman de\u011filiz; biz sizin stratejik orta\u011f\u0131n\u0131z\u0131z. Misyonumuz, \u00f6zel ihtiya\u00e7lar\u0131n\u0131za g\u00f6re uyarlanm\u0131\u015f sa\u011flam tavsiyeler ve \u00f6zelle\u015ftirilmi\u015f \u00e7\u00f6z\u00fcmler sunarak b\u00fcy\u00fcmenizin her a\u015famas\u0131nda size destek olmakt\u0131r.<br \/>F\u0131rsatlar\u0131n\u0131z\u0131 en \u00fcst d\u00fczeye \u00e7\u0131karan ve risklerinizi en aza indiren stratejiler geli\u015ftirmek i\u00e7in sizinle yak\u0131n i\u015fbirli\u011fi i\u00e7inde \u00e7al\u0131\u015farak Afrika&#8217;n\u0131n karma\u015f\u0131k i\u015f ortam\u0131nda ba\u015far\u0131l\u0131 bir \u015fekilde yol alman\u0131za yard\u0131mc\u0131 oluyoruz.<\/p>\n<p><strong>Pazar Ara\u015ft\u0131rmas\u0131<\/strong><\/p>\n<p>Pazar ara\u015ft\u0131rmas\u0131 uzmanl\u0131\u011f\u0131m\u0131z Afrika&#8217;daki geni\u015flemenizin anahtar\u0131d\u0131r. Yerel pazar\u0131 anlaman\u0131za, geli\u015fmekte olan trendleri belirlemenize ve i\u015f f\u0131rsatlar\u0131n\u0131 de\u011ferlendirmenize yard\u0131mc\u0131 olmak i\u00e7in size do\u011fru veriler ve derinlemesine analizler sunuyoruz.<br \/>Pazar ara\u015ft\u0131rmam\u0131zla, i\u015fletmenizi uzun vadeli ba\u015far\u0131 i\u00e7in konumland\u0131ran bilin\u00e7li, stratejik kararlar alabilirsiniz.<\/p>\n<p><strong>Afrika&#8217;da kurulum<\/strong><\/p>\n<p>Afrika&#8217;da \u015firket kurmak zor olabilir. Phokaia Business HUB bu s\u00fcreci kolayla\u015ft\u0131rmak i\u00e7in vard\u0131r. En iyi giri\u015f stratejisini belirlemenize, k\u00fclt\u00fcrel ve d\u00fczenleyici n\u00fcanslar\u0131 anlaman\u0131za ve i\u015finizi sa\u011flam temeller \u00fczerine kurman\u0131za yard\u0131mc\u0131 olaca\u011f\u0131z.<br \/>Afrika pazar\u0131 hakk\u0131ndaki derinlemesine bilgimiz ve geni\u015f a\u011f\u0131m\u0131z, ba\u015far\u0131l\u0131 ve verimli bir \u015fekilde kurulum yapman\u0131za yard\u0131mc\u0131 olacakt\u0131r.<\/p>\n<p><strong>Bir Distrib\u00fct\u00f6r Bulun<\/strong><\/p>\n<p>Yeni pazarlarda ba\u015far\u0131l\u0131 olmak i\u00e7in do\u011fru distrib\u00fct\u00f6r\u00fc bulmak \u00e7ok \u00f6nemlidir. Sizi en g\u00fcvenilir ve verimli distrib\u00fct\u00f6rlerle bulu\u015fturmak i\u00e7in geni\u015f a\u011f\u0131m\u0131z\u0131 ve yerel bilgimizi kullan\u0131yoruz.<br \/>Hedefe y\u00f6nelik yakla\u015f\u0131m\u0131m\u0131z, \u00fcr\u00fcnlerinizin do\u011fru kitleye ula\u015fmas\u0131n\u0131 sa\u011flayarak Afrika pazar\u0131ndaki varl\u0131\u011f\u0131n\u0131z\u0131 g\u00fc\u00e7lendirir.<\/p>\n\t\t\t\t\t\t<\/div>\n\t\t\t\t<\/div>\n\t\t\t\t\t<\/div>\n\t\t<\/div>\n\t\t\t\t<div class=\"elementor-column elementor-col-50 elementor-inner-column elementor-element elementor-element-b067d71 lakit-col-width-auto-no\" data-id=\"b067d71\" data-element_type=\"column\" data-settings=\"{&quot;background_background&quot;:&quot;classic&quot;}\">\n\t\t\t<div class=\"elementor-widget-wrap elementor-element-populated\">\n\t\t\t\t\t\t\t\t<div class=\"elementor-element elementor-element-4905668 elementor-widget elementor-widget-heading\" data-id=\"4905668\" data-element_type=\"widget\" data-widget_type=\"heading.default\">\n\t\t\t\t<div class=\"elementor-widget-container\">\n\t\t\t<h3 class=\"elementor-heading-title elementor-size-default\">Phokaia Business HUB'da Etkinlikler\n<\/h3>\t\t<\/div>\n\t\t\t\t<\/div>\n\t\t\t\t<div class=\"elementor-element elementor-element-13cc2c6 elementor-widget elementor-widget-text-editor\" data-id=\"13cc2c6\" data-element_type=\"widget\" data-widget_type=\"text-editor.default\">\n\t\t\t\t<div class=\"elementor-widget-container\">\n\t\t\t\t\t\t\t<p>Bat\u0131 Afrika&#8217;da Unutulmaz Deneyimler Yaratmak<\/p>\n\t\t\t\t\t\t<\/div>\n\t\t\t\t<\/div>\n\t\t\t\t<div class=\"elementor-element elementor-element-6c63052 elementor-widget elementor-widget-text-editor\" data-id=\"6c63052\" data-element_type=\"widget\" data-widget_type=\"text-editor.default\">\n\t\t\t\t<div class=\"elementor-widget-container\">\n\t\t\t\t\t\t\t<p><strong>Etkinliklerimiz<\/strong><\/p>\n<p>Phokaia Business HUB, konferans ve seminerlerden sergi ve ticaret fuarlar\u0131na kadar \u00e7e\u015fitli i\u015f etkinlikleri d\u00fczenlemektedir. Beklentilerinizi kar\u015f\u0131lamakla kalmay\u0131p a\u015fan etkinlikler yaratmaya kararl\u0131y\u0131z.<br \/>Her etkinlik, t\u00fcm kat\u0131l\u0131mc\u0131lar i\u00e7in benzersiz ve \u00f6d\u00fcllendirici bir deneyim sa\u011flamak \u00fczere ayr\u0131nt\u0131lara titizlikle dikkat edilerek tasarlanmaktad\u0131r.<\/p>\n<p><strong>G\u00fc\u00e7l\u00fc y\u00f6nlerimiz<\/strong><\/p>\n<p>Etkinlik uzmanlar\u0131ndan olu\u015fan ekibimiz, her fikri muhte\u015fem bir etkinli\u011fe d\u00f6n\u00fc\u015ft\u00fcrmek i\u00e7in yarat\u0131c\u0131l\u0131k, yenilik\u00e7ilik ve organizasyonel titizli\u011fi bir araya getiriyor.<br \/>Otantik ve unutulmaz deneyimler sunarak modern trendleri yerel geleneklerle kayna\u015ft\u0131rma becerimizle gurur duyuyoruz.<\/p>\n<p><strong>Tamamlanan projelerimiz<\/strong><\/p>\n<p>Proje portf\u00f6y\u00fcm\u00fczdeki \u00f6nceki ba\u015far\u0131lar\u0131m\u0131z hakk\u0131nda bilgi edinin. \u00dcstlendi\u011fimiz her proje, m\u00fckemmelli\u011fe olan ba\u011fl\u0131l\u0131\u011f\u0131m\u0131z\u0131 ve karma\u015f\u0131k lojistik zorluklar\u0131n \u00fcstesinden gelme becerimizi g\u00f6stermektedir.<br \/>K\u00fc\u00e7\u00fck samimi toplant\u0131lardan b\u00fcy\u00fck kurumsal etkinliklere kadar portf\u00f6y\u00fcm\u00fcz \u00e7ok y\u00f6nl\u00fcl\u00fc\u011f\u00fcm\u00fcz\u00fc ve uzmanl\u0131\u011f\u0131m\u0131z\u0131 g\u00f6stermektedir.<br \/>Galeri<\/p>\n<p>Ge\u00e7mi\u015f etkinliklerimizin resimlerini g\u00f6rmek i\u00e7in galerimize g\u00f6z at\u0131n. Her bir g\u00f6r\u00fcnt\u00fc, i\u015fimizin \u00f6z\u00fcn\u00fc ve ola\u011fan\u00fcst\u00fc etkinlikler yaratmaya duydu\u011fumuz tutkuyu yans\u0131t\u0131yor.<br \/>Kreasyonlar\u0131m\u0131z\u0131n kalitesini ve \u00e7e\u015fitlili\u011fini ke\u015ffederek bir sonraki etkinli\u011finiz i\u00e7in ilham al\u0131n.<\/p>\n\t\t\t\t\t\t<\/div>\n\t\t\t\t<\/div>\n\t\t\t\t\t<\/div>\n\t\t<\/div>\n\t\t\t\t\t\t\t<\/div>\n\t\t<\/section>\n\t\t\t\t\t<\/div>\n\t\t<\/div>\n\t\t\t\t\t\t\t<\/div>\n\t\t<\/section>\n\t\t\t\t<section class=\"elementor-section elementor-top-section elementor-element elementor-element-8a97cec elementor-section-boxed elementor-section-height-default elementor-section-height-default\" data-id=\"8a97cec\" data-element_type=\"section\" data-settings=\"{&quot;background_background&quot;:&quot;classic&quot;}\">\n\t\t\t\t\t\t\t<div class=\"elementor-background-overlay\"><\/div>\n\t\t\t\t\t\t\t<div class=\"elementor-container elementor-column-gap-default\">\n\t\t\t\t\t<div class=\"elementor-column elementor-col-33 elementor-top-column elementor-element elementor-element-24ba9e0 lakit-col-width-auto-no\" data-id=\"24ba9e0\" data-element_type=\"column\">\n\t\t\t<div class=\"elementor-widget-wrap elementor-element-populated\">\n\t\t\t\t\t\t\t\t<div class=\"elementor-element elementor-element-e52f069 elementor-widget elementor-widget-heading\" data-id=\"e52f069\" data-element_type=\"widget\" data-widget_type=\"heading.default\">\n\t\t\t\t<div class=\"elementor-widget-container\">\n\t\t\t<h4 class=\"elementor-heading-title elementor-size-default\">Bize ula\u015f\u0131n<\/h4>\t\t<\/div>\n\t\t\t\t<\/div>\n\t\t\t\t<div class=\"elementor-element elementor-element-f6b5d26 elementor-widget elementor-widget-heading\" data-id=\"f6b5d26\" data-element_type=\"widget\" data-widget_type=\"heading.default\">\n\t\t\t\t<div class=\"elementor-widget-container\">\n\t\t\t<h3 class=\"elementor-heading-title elementor-size-default\">Bat\u0131 Afrika'da yeni i\u015f ufuklar\u0131n\u0131 fethetmeye haz\u0131r m\u0131s\u0131n\u0131z?<\/h3>\t\t<\/div>\n\t\t\t\t<\/div>\n\t\t\t\t<div class=\"elementor-element elementor-element-01938e2 elementor-widget elementor-widget-text-editor\" data-id=\"01938e2\" data-element_type=\"widget\" data-widget_type=\"text-editor.default\">\n\t\t\t\t<div class=\"elementor-widget-container\">\n\t\t\t\t\t\t\t<p>Phokaia Business HUB&#8217;\u0131n hedeflerinizi nas\u0131l ger\u00e7e\u011fe d\u00f6n\u00fc\u015ft\u00fcrebilece\u011fini \u00f6\u011frenin. Ba\u015far\u0131ya giden yolculu\u011funuza ba\u015flamak i\u00e7in bug\u00fcn bize ula\u015f\u0131n.<\/p>\n\t\t\t\t\t\t<\/div>\n\t\t\t\t<\/div>\n\t\t\t\t<div class=\"elementor-element elementor-element-497e197 elementor-widget elementor-widget-button\" data-id=\"497e197\" data-element_type=\"widget\" data-widget_type=\"button.default\">\n\t\t\t\t<div class=\"elementor-widget-container\">\n\t\t\t\t\t<div class=\"elementor-button-wrapper\">\n\t\t\t<a class=\"elementor-button elementor-button-link elementor-size-sm elementor-animation-float\" href=\"https:\/\/phokaiabusiness.com\/contact\/\">\n\t\t\t\t\t\t<span class=\"elementor-button-content-wrapper\">\n\t\t\t\t\t\t<span class=\"elementor-button-text\">\u0130leti\u015fim<\/span>\n\t\t<\/span>\n\t\t\t\t\t<\/a>\n\t\t<\/div>\n\t\t\t\t<\/div>\n\t\t\t\t<\/div>\n\t\t\t\t\t<\/div>\n\t\t<\/div>\n\t\t\t\t<div class=\"elementor-column elementor-col-33 elementor-top-column elementor-element elementor-element-012cd29 lakit-col-width-auto-no\" data-id=\"012cd29\" data-element_type=\"column\">\n\t\t\t<div class=\"elementor-widget-wrap elementor-element-populated\">\n\t\t\t\t\t\t\t\t<div class=\"elementor-element elementor-element-c6b91b1 elementor-widget elementor-widget-image\" data-id=\"c6b91b1\" data-element_type=\"widget\" data-widget_type=\"image.default\">\n\t\t\t\t<div class=\"elementor-widget-container\">\n\t\t\t<style>\/*! elementor - v3.17.0 - 08-11-2023 *\/\n.elementor-widget-image{text-align:center}.elementor-widget-image a{display:inline-block}.elementor-widget-image a img[src$=\".svg\"]{width:48px}.elementor-widget-image img{vertical-align:middle;display:inline-block}<\/style>\t\t\t\t\t\t\t\t\t\t\t\t<img fetchpriority=\"high\" decoding=\"async\" width=\"681\" height=\"1024\" src=\"https:\/\/phokaiabusiness.com\/wp-content\/uploads\/2023\/11\/business-on-the-go-cheerful-young-african-businessman-using-his-laptop-while-standing-at-the-bar-681x1024.jpg\" class=\"attachment-large size-large wp-image-90\" alt=\"Business on the go. Cheerful young African businessman using his laptop while standing at the bar\" srcset=\"https:\/\/phokaiabusiness.com\/wp-content\/uploads\/2023\/11\/business-on-the-go-cheerful-young-african-businessman-using-his-laptop-while-standing-at-the-bar-681x1024.jpg 681w, https:\/\/phokaiabusiness.com\/wp-content\/uploads\/2023\/11\/business-on-the-go-cheerful-young-african-businessman-using-his-laptop-while-standing-at-the-bar-200x300.jpg 200w, https:\/\/phokaiabusiness.com\/wp-content\/uploads\/2023\/11\/business-on-the-go-cheerful-young-african-businessman-using-his-laptop-while-standing-at-the-bar-768x1154.jpg 768w, https:\/\/phokaiabusiness.com\/wp-content\/uploads\/2023\/11\/business-on-the-go-cheerful-young-african-businessman-using-his-laptop-while-standing-at-the-bar-1022x1536.jpg 1022w, https:\/\/phokaiabusiness.com\/wp-content\/uploads\/2023\/11\/business-on-the-go-cheerful-young-african-businessman-using-his-laptop-while-standing-at-the-bar.jpg 1331w\" sizes=\"(max-width: 681px) 100vw, 681px\" \/>\t\t\t\t\t\t\t\t\t\t\t\t\t\t\t<\/div>\n\t\t\t\t<\/div>\n\t\t\t\t\t<\/div>\n\t\t<\/div>\n\t\t\t\t<div class=\"elementor-column elementor-col-33 elementor-top-column elementor-element elementor-element-532ac12 lakit-col-width-auto-no\" data-id=\"532ac12\" data-element_type=\"column\" data-settings=\"{&quot;background_background&quot;:&quot;classic&quot;}\">\n\t\t\t<div class=\"elementor-widget-wrap elementor-element-populated\">\n\t\t\t\t\t\t\t\t<div class=\"elementor-element elementor-element-056a6d2 elementor-widget elementor-widget-image\" data-id=\"056a6d2\" data-element_type=\"widget\" data-widget_type=\"image.default\">\n\t\t\t\t<div class=\"elementor-widget-container\">\n\t\t\t\t\t\t\t\t\t\t\t\t\t\t\t<img decoding=\"async\" width=\"682\" height=\"1024\" src=\"https:\/\/phokaiabusiness.com\/wp-content\/uploads\/2023\/11\/african-woman-manager-sharing-ideas-business-strategy-explaining-new-strategies--682x1024.jpg\" class=\"attachment-large size-large wp-image-91\" alt=\"African woman manager sharing ideas business strategy, explaining new strategies.\" srcset=\"https:\/\/phokaiabusiness.com\/wp-content\/uploads\/2023\/11\/african-woman-manager-sharing-ideas-business-strategy-explaining-new-strategies--682x1024.jpg 682w, https:\/\/phokaiabusiness.com\/wp-content\/uploads\/2023\/11\/african-woman-manager-sharing-ideas-business-strategy-explaining-new-strategies--200x300.jpg 200w, https:\/\/phokaiabusiness.com\/wp-content\/uploads\/2023\/11\/african-woman-manager-sharing-ideas-business-strategy-explaining-new-strategies--768x1152.jpg 768w, https:\/\/phokaiabusiness.com\/wp-content\/uploads\/2023\/11\/african-woman-manager-sharing-ideas-business-strategy-explaining-new-strategies--1024x1536.jpg 1024w, https:\/\/phokaiabusiness.com\/wp-content\/uploads\/2023\/11\/african-woman-manager-sharing-ideas-business-strategy-explaining-new-strategies-.jpg 1333w\" sizes=\"(max-width: 682px) 100vw, 682px\" \/>\t\t\t\t\t\t\t\t\t\t\t\t\t\t\t<\/div>\n\t\t\t\t<\/div>\n\t\t\t\t\t<\/div>\n\t\t<\/div>\n\t\t\t\t\t\t\t<\/div>\n\t\t<\/section>\n\t\t\t\t\t\t\t<\/div>\n\t\t","protected":false},"excerpt":{"rendered":"<p>Hizmetlerimiz Sizin Ba\u015far\u0131n\u0131z, Bizim Misyonumuz Phokaia Business HUB, Bat\u0131 Afrika&#8216;daki i\u015f geni\u015flemenizi desteklemek i\u00e7in eksiksiz bir stratejik ve operasyonel hizmetler yelpazesi sunmaktad\u0131r. Tekliflerimizi ke\u015ffedin ve i\u015f hedeflerinizi g\u00fcvenle hayata ge\u00e7irin. Stratejik Dan\u0131\u015fmanl\u0131k Afrika&#8217;da Ba\u015far\u0131 \u0130\u00e7in Rehberiniz Phokaia Business HUB&#8217;da biz sadece dan\u0131\u015fman de\u011filiz; biz sizin stratejik orta\u011f\u0131n\u0131z\u0131z. Misyonumuz, \u00f6zel ihtiya\u00e7lar\u0131n\u0131za g\u00f6re uyarlanm\u0131\u015f sa\u011flam tavsiyeler ve [&hellip;]<\/p>\n","protected":false},"author":1,"featured_media":0,"parent":0,"menu_order":0,"comment_status":"closed","ping_status":"closed","template":"elementor_header_footer","meta":{"footnotes":""},"_links":{"self":[{"href":"https:\/\/phokaiabusiness.com\/tr\/wp-json\/wp\/v2\/pages\/385"}],"collection":[{"href":"https:\/\/phokaiabusiness.com\/tr\/wp-json\/wp\/v2\/pages"}],"about":[{"href":"https:\/\/phokaiabusiness.com\/tr\/wp-json\/wp\/v2\/types\/page"}],"author":[{"embeddable":true,"href":"https:\/\/phokaiabusiness.com\/tr\/wp-json\/wp\/v2\/users\/1"}],"replies":[{"embeddable":true,"href":"https:\/\/phokaiabusiness.com\/tr\/wp-json\/wp\/v2\/comments?post=385"}],"version-history":[{"count":3,"href":"https:\/\/phokaiabusiness.com\/tr\/wp-json\/wp\/v2\/pages\/385\/revisions"}],"predecessor-version":[{"id":389,"href":"https:\/\/phokaiabusiness.com\/tr\/wp-json\/wp\/v2\/pages\/385\/revisions\/389"}],"wp:attachment":[{"href":"https:\/\/phokaiabusiness.com\/tr\/wp-json\/wp\/v2\/media?parent=385"}],"curies":[{"name":"wp","href":"https:\/\/api.w.org\/{rel}","templated":true}]}}