{"id":391,"date":"2023-11-15T12:41:35","date_gmt":"2023-11-15T11:41:35","guid":{"rendered":"https:\/\/phokaiabusiness.com\/yasal-bilgiler\/"},"modified":"2024-01-23T19:00:14","modified_gmt":"2024-01-23T18:00:14","slug":"yasal-bilgiler","status":"publish","type":"page","link":"https:\/\/phokaiabusiness.com\/tr\/yasal-bilgiler\/","title":{"rendered":"Yasal bilgiler"},"content":{"rendered":"&#13;\n<p class=\"p1\">L.C.E.N. olarak bilinen 21 Haziran 2004 tarihli ve 2004-575 say\u0131l\u0131 Dijital Ekonomide G\u00fcven Kanunu&#8217;nun 6-III ve 19. Maddeleri h\u00fck\u00fcmleri uyar\u0131nca, a\u015fa\u011f\u0131daki bilgileri kullan\u0131c\u0131lar\u0131n ve phokaiabusiness.com sitesini ziyaret edenlerin dikkatine sunar\u0131z:<\/p>&#13;\n<p class=\"p1\">Yasal bilgiler :<\/p>&#13;\n<p class=\"p1\">Sahibi: <b>phokaiabusiness.com<\/b>.<\/p>&#13;\n<p class=\"p1\">\u015eirket ad\u0131: phokaiabusiness.com<\/p>&#13;\n<p class=\"p1\">Sitenin yarat\u0131c\u0131s\u0131: Kreative Web<\/p>&#13;\n<p class=\"p1\">Yay\u0131ndan sorumlu ki\u015fi: phokaiabusiness.com<\/p>&#13;\n<p class=\"p1\">Yay\u0131n y\u00f6neticisiyle ileti\u015fime ge\u00e7in: Sitenin ileti\u015fim formu arac\u0131l\u0131\u011f\u0131yla<\/p>&#13;\n<p class=\"p1\">Web Y\u00f6neticisi: phokaiabusiness.com  <\/p>&#13;\n<p class=\"p1\">Web Y\u00f6neticisi ile \u0130leti\u015fim: Sitenin ileti\u015fim formu arac\u0131l\u0131\u011f\u0131yla<\/p>&#13;\n<p class=\"p1\">Web sitesi bar\u0131nd\u0131r\u0131c\u0131s\u0131: Hosty &#8211; 651 N Broad St, New Castle 19709<\/p>&#13;\n<p class=\"p1\">1. Sunum ve prensip :<\/p>&#13;\n<p class=\"p1\">A\u015fa\u011f\u0131dakiler belirlenmi\u015ftir: Kullan\u0131c\u0131, yukar\u0131da belirtilen siteye ba\u011flanan ve bu siteyi kullanan herhangi bir \u0130nternet kullan\u0131c\u0131s\u0131: phokaiabusiness.com. phokaiabusiness.com web sitesi, oldu\u011fu gibi kullan\u0131c\u0131lara sunulan bir dizi hizmetten olu\u015fmaktad\u0131r. Bu vesileyle, ikincisinin nazik kalmas\u0131 ve hem di\u011fer kullan\u0131c\u0131lara hem de phokaiabusiness.com sitesinin web y\u00f6neticisine kar\u015f\u0131 iyi niyet g\u00f6stermesi gerekti\u011fi belirtilmektedir. phokaiabusiness.com web sitesi phokaiabusiness.com taraf\u0131ndan d\u00fczenli olarak g\u00fcncellenmektedir.<\/p>&#13;\n<p class=\"p1\">phokaiabusiness.com<span class=\"Apple-converted-space\">  <\/span>phokaiabusiness.com, phokaiabusiness.com web sitesinde m\u00fcmk\u00fcn olan en do\u011fru bilgileri sa\u011flamak i\u00e7in her t\u00fcrl\u00fc \u00e7abay\u0131 g\u00f6stermektedir (\u00e7evrimi\u00e7i hale getirilmesinden bu yana yap\u0131lan de\u011fi\u015fikliklere tabi olarak), ancak ister kendi hatas\u0131 isterse bu bilgileri sa\u011flayan \u00fc\u00e7\u00fcnc\u00fc taraf ortaklar\u0131n hatas\u0131 olsun, web sitesinde yay\u0131nlanan bilgilerin do\u011frulu\u011funu, eksiksizli\u011fini ve g\u00fcncelli\u011fini garanti edemez. Sonu\u00e7 olarak, kullan\u0131c\u0131lar bu bilgileri (g\u00f6sterge niteli\u011finde, kapsaml\u0131 olmayan ve de\u011fi\u015fikli\u011fe tabi olan) tamamen kendi sorumluluklar\u0131 alt\u0131nda kulland\u0131klar\u0131n\u0131 kabul ederler.<\/p>&#13;\n<p class=\"p1\"><b>2. Eri\u015filebilirlik :<\/b><\/p>&#13;\n<p class=\"p1\">phokaiabusiness.com web sitesi, bak\u0131m amac\u0131yla veya m\u00fccbir sebepler nedeniyle planl\u0131 olsun veya olmas\u0131n kesintiye u\u011framas\u0131 durumu hari\u00e7 olmak \u00fczere, prensip olarak kullan\u0131c\u0131lara haftan\u0131n 7 g\u00fcn\u00fc, g\u00fcn\u00fcn 24 saati eri\u015filebilir durumdad\u0131r. Hizmete eri\u015fimin imkans\u0131z olmas\u0131 durumunda, phokaiabusiness.com hizmete eri\u015fimi yeniden sa\u011flamak i\u00e7in elinden geleni yapmay\u0131 taahh\u00fct eder ve kullan\u0131c\u0131lar\u0131 m\u00fcdahalenin tarih ve saatleri konusunda \u00f6nceden bilgilendirmeye \u00e7al\u0131\u015facakt\u0131r. Sadece bir ara\u00e7 y\u00fck\u00fcml\u00fcl\u00fc\u011f\u00fcne tabi oldu\u011fundan, phokaiabusiness.com hizmetin kullan\u0131lamamas\u0131ndan kaynaklanan herhangi bir zarardan sorumlu tutulamaz.<\/p>&#13;\n<p class=\"p1\"><b>3. Fikri m\u00fclkiyet :<\/b><\/p>&#13;\n<p class=\"p1\">phokaiabusiness.com, hem yap\u0131 hem de metinler, resimler, grafikler, logolar, simgeler, sesler ve yaz\u0131l\u0131mlar olmak \u00fczere sitede eri\u015filebilen t\u00fcm unsurlar \u00fczerindeki t\u00fcm fikri m\u00fclkiyet haklar\u0131n\u0131n m\u00fcnhas\u0131r sahibidir veya kullan\u0131m haklar\u0131na sahiptir&#8230;<\/p>&#13;\n<p class=\"p1\">phokaiabusiness.com sitesinin tamamen veya k\u0131smen \u00e7o\u011falt\u0131lmas\u0131, temsili, de\u011fi\u015ftirilmesi, yay\u0131nlanmas\u0131, bu unsurlardan herhangi birinin tamamen veya k\u0131smen uyarlanmas\u0131, kullan\u0131lan ara\u00e7 veya s\u00fcre\u00e7 ne olursa olsun, sitenin sahibi olan phokaiabusiness.com&#8217;un \u00f6nceden yaz\u0131l\u0131 izni olmad\u0131k\u00e7a yasakt\u0131r: Sitenin ileti\u015fim formu arac\u0131l\u0131\u011f\u0131yla, aksi takdirde bir ihlal te\u015fkil etti\u011fi kabul edilecek ve Frans\u0131z Fikri M\u00fclkiyet Kanunu&#8217;nun L.335-2 ve sonraki maddeleri h\u00fck\u00fcmlerine g\u00f6re kovu\u015fturmaya tabi tutulacakt\u0131r.<\/p>&#13;\n<p class=\"p1\"><b>4. K\u00f6pr\u00fcler ve \u00e7erezler :<\/b><\/p>&#13;\n<p class=\"p1\">phokaiabusiness.com sitesi, phokaiabusiness.com&#8217;un izniyle kurulan di\u011fer sitelere (ortaklar, bilgiler, vb.) bir dizi k\u00f6pr\u00fc metni ba\u011flant\u0131s\u0131 i\u00e7erir.<span class=\"Apple-converted-space\">  <\/span>. Ancak, phokaiabusiness.com<span class=\"Apple-converted-space\">  <\/span>bu \u015fekilde ziyaret edilen sitelerin t\u00fcm i\u00e7eri\u011fini kontrol etme konumunda de\u011fildir ve bu nedenle herhangi bir yasad\u0131\u015f\u0131 i\u00e7erik riski i\u00e7in t\u00fcm sorumlulu\u011fu reddeder.<\/p>&#13;\n<p class=\"p1\">Kullan\u0131c\u0131lar, phokaiabusiness.com web sitesini ziyaretleri s\u0131ras\u0131nda, taray\u0131c\u0131 yaz\u0131l\u0131mlar\u0131 arac\u0131l\u0131\u011f\u0131yla bilgisayarlar\u0131na otomatik olarak bir veya daha fazla \u00e7erez y\u00fcklenebilece\u011fi konusunda bilgilendirilir. \u00c7erez, kullan\u0131c\u0131n\u0131n tan\u0131mlanmas\u0131na izin vermeyen, ancak kullan\u0131c\u0131n\u0131n sitede gezinmesiyle ilgili bilgileri kaydeden bir veri blo\u011fudur.<\/p>&#13;\n<p class=\"p1\">Taray\u0131c\u0131n\u0131z\u0131 \u00e7erezlerin varl\u0131\u011f\u0131n\u0131 size bildirecek ve gerekirse a\u015fa\u011f\u0131daki adreste a\u00e7\u0131kland\u0131\u011f\u0131 \u015fekilde reddedecek \u015fekilde ayarlayabilirsiniz: www.cnil.fr. Ancak kullan\u0131c\u0131lar, bir \u00e7erezi y\u00fcklemeyi reddetmenin belirli hizmetlere eri\u015femeyecekleri anlam\u0131na gelebilece\u011fini ak\u0131lda tutarak taray\u0131c\u0131lar\u0131n\u0131 \u00e7erezlerin y\u00fcklenmesini reddedecek \u015fekilde yap\u0131land\u0131rabilirler. \u00c7erezleri engellemek i\u00e7in arama motorunuza a\u015fa\u011f\u0131dakileri yaz\u0131n: IE veya Firefox&#8217;ta \u00e7erezleri engelle ve s\u00fcr\u00fcm\u00fcn\u00fcz i\u00e7in talimatlar\u0131 izleyin.<\/p>&#13;\n<p class=\"p1\"><b>5. Ki\u015filerin ve mallar\u0131n korunmas\u0131 &#8211; ki\u015fisel verilerin y\u00f6netimi :<\/b><\/p>&#13;\n<p class=\"p1\">Fransa&#8217;da ki\u015fisel veriler 6 Ocak 1978 tarihli ve 78-87 say\u0131l\u0131 kanun, 6 A\u011fustos 2004 tarihli ve 2004-801 say\u0131l\u0131 kanun, Ceza Kanunu&#8217;nun L. 226-13 say\u0131l\u0131 maddesi ve 24 Ekim 1995 tarihli Avrupa Direktifi ile korunmaktad\u0131r.<\/p>&#13;\n<p class=\"p1\">phokaiabusiness.com web sitesinde, phokaiabusiness.com<span class=\"Apple-converted-space\">  <\/span>yaln\u0131zca phokaiabusiness.com web sitesi taraf\u0131ndan sunulan belirli hizmetlerin ama\u00e7lar\u0131 do\u011frultusunda kullan\u0131c\u0131ya ili\u015fkin ki\u015fisel bilgileri (06 Ocak 1978 tarihli ve 78-17 say\u0131l\u0131 Kanunun 4. Maddesi uyar\u0131nca) toplar. Kullan\u0131c\u0131lar bu bilgileri, \u00f6zellikle de kendileri girdiklerinde, ger\u00e7ekler hakk\u0131nda tam bilgi sahibi olarak sa\u011flarlar. Phokaiabusiness.com web sitesinin kullan\u0131c\u0131lar\u0131 daha sonra bu bilgileri vermeleri gerekip gerekmedi\u011fi konusunda bilgilendirilir.<\/p>&#13;\n<p class=\"p1\">T\u00fcm kullan\u0131c\u0131lar, 6 Ocak 1978 tarihli ve 78-17 say\u0131l\u0131 Frans\u0131z Veri Koruma Kanunu&#8217;nun 38. ve devam\u0131 maddeleri uyar\u0131nca, kendileriyle ilgili ki\u015fisel verilere eri\u015fme, bunlar\u0131 d\u00fczeltme, silme ve bunlara itiraz etme hakk\u0131na sahiptir.<\/p>&#13;\n<p class=\"p1\">Bu hakk\u0131 kullanmak i\u00e7in, talebinizi phokaiabusiness.com adresine e-posta ile g\u00f6nderin: phokaiabusiness.com veya yaz\u0131l\u0131 olarak, usul\u00fcne uygun \u015fekilde imzalanm\u0131\u015f, belge sahibinin imzas\u0131n\u0131 ta\u015f\u0131yan kimlik belgesinin bir kopyas\u0131 ile birlikte, cevab\u0131n g\u00f6nderilece\u011fi adresi belirterek.<\/p>&#13;\n<p class=\"p1\">phokaiabusiness.com web sitesi kullan\u0131c\u0131s\u0131na ait hi\u00e7bir ki\u015fisel bilgi, kullan\u0131c\u0131n\u0131n bilgisi d\u0131\u015f\u0131nda yay\u0131nlanmamakta, \u00fc\u00e7\u00fcnc\u00fc \u015fah\u0131slara herhangi bir ortamda verilmemekte, de\u011fi\u015f toku\u015f edilmemekte, devredilmemekte veya sat\u0131lmamaktad\u0131r. Sadece phokaiabusiness.com web sitesinin ve haklar\u0131n\u0131n sat\u0131n al\u0131nmas\u0131 phokaiabusiness.com&#8217;a yetki verir<span class=\"Apple-converted-space\">  <\/span>s\u00f6z konusu bilgileri, phokaiabusiness.com web sitesinin kullan\u0131c\u0131s\u0131 ile ilgili verileri korumak ve de\u011fi\u015ftirmek i\u00e7in ayn\u0131 y\u00fck\u00fcml\u00fcl\u00fckle ba\u011fl\u0131 olacak olan herhangi bir nihai al\u0131c\u0131ya iletmek.<\/p>&#13;\n<p class=\"p1\">phokaiabusiness.com web sitesi RGPD ile uyumludur. Gizlilik politikam\u0131z\u0131 web sitesinde bulabilirsiniz. Veri tabanlar\u0131, veri tabanlar\u0131n\u0131n yasal olarak korunmas\u0131na ili\u015fkin 11 Mart 1996 tarihli ve 96\/9 say\u0131l\u0131 Direktifi i\u00e7 hukuka aktaran 1 Temmuz 1998 tarihli Kanun h\u00fck\u00fcmleri ile korunmaktad\u0131r.<\/p>&#13;\n","protected":false},"excerpt":{"rendered":"<p>&#13; L.C.E.N. olarak bilinen 21 Haziran 2004 tarihli ve 2004-575 say\u0131l\u0131 Dijital Ekonomide G\u00fcven Kanunu&#8217;nun 6-III ve 19. Maddeleri h\u00fck\u00fcmleri uyar\u0131nca, a\u015fa\u011f\u0131daki bilgileri kullan\u0131c\u0131lar\u0131n ve phokaiabusiness.com sitesini ziyaret edenlerin dikkatine sunar\u0131z: &#13; Yasal bilgiler : &#13; Sahibi: phokaiabusiness.com. &#13; \u015eirket ad\u0131: phokaiabusiness.com &#13; Sitenin yarat\u0131c\u0131s\u0131: Kreative Web &#13; Yay\u0131ndan sorumlu ki\u015fi: phokaiabusiness.com &#13; Yay\u0131n y\u00f6neticisiyle [&hellip;]<\/p>\n","protected":false},"author":1,"featured_media":0,"parent":0,"menu_order":0,"comment_status":"closed","ping_status":"closed","template":"","meta":{"footnotes":""},"_links":{"self":[{"href":"https:\/\/phokaiabusiness.com\/tr\/wp-json\/wp\/v2\/pages\/391"}],"collection":[{"href":"https:\/\/phokaiabusiness.com\/tr\/wp-json\/wp\/v2\/pages"}],"about":[{"href":"https:\/\/phokaiabusiness.com\/tr\/wp-json\/wp\/v2\/types\/page"}],"author":[{"embeddable":true,"href":"https:\/\/phokaiabusiness.com\/tr\/wp-json\/wp\/v2\/users\/1"}],"replies":[{"embeddable":true,"href":"https:\/\/phokaiabusiness.com\/tr\/wp-json\/wp\/v2\/comments?post=391"}],"version-history":[{"count":1,"href":"https:\/\/phokaiabusiness.com\/tr\/wp-json\/wp\/v2\/pages\/391\/revisions"}],"predecessor-version":[{"id":392,"href":"https:\/\/phokaiabusiness.com\/tr\/wp-json\/wp\/v2\/pages\/391\/revisions\/392"}],"wp:attachment":[{"href":"https:\/\/phokaiabusiness.com\/tr\/wp-json\/wp\/v2\/media?parent=391"}],"curies":[{"name":"wp","href":"https:\/\/api.w.org\/{rel}","templated":true}]}}